{"id":78,"date":"2015-09-23T01:41:05","date_gmt":"2015-09-23T01:41:05","guid":{"rendered":"https:\/\/catalinaceballos.com\/?page_id=78"},"modified":"2024-12-04T13:09:25","modified_gmt":"2024-12-04T18:09:25","slug":"about-me","status":"publish","type":"page","link":"https:\/\/catalinaceballos.com\/en\/about-me\/","title":{"rendered":"About Catalina Ceballos"},"content":{"rendered":"\t\t<div data-elementor-type=\"wp-page\" data-elementor-id=\"78\" class=\"elementor elementor-78\" data-elementor-post-type=\"page\">\n\t\t\t\t\t\t<section class=\"elementor-section elementor-top-section elementor-element elementor-element-4a786812 elementor-section-boxed elementor-section-height-default elementor-section-height-default\" data-id=\"4a786812\" data-element_type=\"section\" data-e-type=\"section\">\n\t\t\t\t\t\t<div class=\"elementor-container elementor-column-gap-default\">\n\t\t\t\t\t<div class=\"elementor-column elementor-col-100 elementor-top-column elementor-element elementor-element-7b2e466b\" data-id=\"7b2e466b\" data-element_type=\"column\" data-e-type=\"column\">\n\t\t\t<div class=\"elementor-widget-wrap elementor-element-populated\">\n\t\t\t\t\t\t<div class=\"elementor-element elementor-element-9689cc3 elementor-widget elementor-widget-wp-widget-text\" data-id=\"9689cc3\" data-element_type=\"widget\" data-e-type=\"widget\" data-widget_type=\"wp-widget-text.default\">\n\t\t\t\t<div class=\"elementor-widget-container\">\n\t\t\t\t\t\t\t\t<div class=\"textwidget\"><h2 style=\"text-align: left\"><em><strong><span style=\"vertical-align: inherit\">Historia:<\/span><\/strong><\/em><\/h2>\n<p>El atelier <strong>CATALINA CEBALLOS<\/strong> es una de las marcas mas conocidas a nivel nacional en la industria nupcial y vestidos de gala, irrumpiendo tambi\u00e9n en los \u00faltimos a\u00f1os a mercados extranjeros en un tiempo r\u00e9cord, gracias a sus dise\u00f1os exclusivos, creativos y c\u00e1lida asesor\u00eda de manera personalizada<\/p>\n<p>&nbsp;<\/p>\n<p>Su historia comienza hace un poco m\u00e1s de 40\u00a0\u00a0 a\u00f1os fundada por <strong>TERESA LE\u00d3N<\/strong>, dise\u00f1adora de moda, impulsada en su gran pasi\u00f3n por el arte aplicado en cada uno de sus trazos, convirti\u00e9ndolos en aut\u00e9nticas colecciones y prendas elaboradas a medida que exaltaban armoniosamente la figura femenina, elevando su autoestima y haci\u00e9ndolas sentir y lucir hermosas.<\/p>\n<p>Una empresa en la que se ha transmitido el conocimiento de generaci\u00f3n en generaci\u00f3n es as\u00ed como hoy la boutique es dirigida por Catalina Ceballos, hija de la fundadora.<\/p>\n<p>Catalina es Dise\u00f1adora de Modas de la escuela Arturo Tejada Cano, especializada en organizaci\u00f3n de eventos en ESDIART (Escuela Colombiana de dise\u00f1os y artes), Styling y producci\u00f3n de Moda en Argentina, gracias a su formaci\u00f3n como dise\u00f1adora, pasi\u00f3n por la moda, buen sentido de la est\u00e9tica y la belleza, descubre el gusto y el estilo de sus clientes para plasmarlos en cada prenda confeccionada, todo esto bajo la marca que lleva su nombre.<\/p>\n<p>&nbsp;<\/p>\n<p>En el a\u00f1o 2019 nace dentro de la empresa el proyecto social SATTVAH como un programa art\u00edstico, luego en el a\u00f1o 2020 se complementa a partir de un concepto biopsicosocial (bio \u2013 Vida, Psico \u2013 Vincula la psicolog\u00eda, actividad de la mente o las cuestiones del alma y Social \u2013 Se relaciona con la comunidad de individuos que interact\u00faan entre s\u00ed), es un proyecto de innovaci\u00f3n social que integra la conciencia individual ambiental y social y que por medio de planes de acci\u00f3n solidaria y campa\u00f1as de reciclaje, desarrolla nuevas habilidades y producci\u00f3n sostenible llegando a poblaciones vulnerables.<\/p>\n<p>En el a\u00f1o 2021 para complementar las categor\u00edas existentes, nace la l\u00ednea de ropa casual con una amplia gama de productos<\/p>\n<p>[\/bg_collapse]<\/p>\n<\/div>\n\t\t\t\t\t\t<\/div>\n\t\t\t\t<\/div>\n\t\t\t\t<div class=\"elementor-element elementor-element-d1d0089 elementor-widget elementor-widget-gallery\" data-id=\"d1d0089\" data-element_type=\"widget\" data-e-type=\"widget\" data-settings=\"{&quot;lazyload&quot;:&quot;yes&quot;,&quot;gallery_layout&quot;:&quot;grid&quot;,&quot;columns&quot;:4,&quot;columns_tablet&quot;:2,&quot;columns_mobile&quot;:1,&quot;gap&quot;:{&quot;unit&quot;:&quot;px&quot;,&quot;size&quot;:10,&quot;sizes&quot;:[]},&quot;gap_tablet&quot;:{&quot;unit&quot;:&quot;px&quot;,&quot;size&quot;:10,&quot;sizes&quot;:[]},&quot;gap_mobile&quot;:{&quot;unit&quot;:&quot;px&quot;,&quot;size&quot;:10,&quot;sizes&quot;:[]},&quot;link_to&quot;:&quot;file&quot;,&quot;aspect_ratio&quot;:&quot;3:2&quot;,&quot;overlay_background&quot;:&quot;yes&quot;,&quot;content_hover_animation&quot;:&quot;fade-in&quot;}\" data-widget_type=\"gallery.default\">\n\t\t\t\t<div class=\"elementor-widget-container\">\n\t\t\t\t\t\t\t<div class=\"elementor-gallery__container\">\n\t\t\t\t\t\t\t<a class=\"e-gallery-item elementor-gallery-item elementor-animated-content\" href=\"https:\/\/catalinaceballos.com\/wp-content\/uploads\/2022\/04\/Disen\u0303adora3-scaled.jpg\" data-elementor-open-lightbox=\"yes\" data-elementor-lightbox-slideshow=\"d1d0089\" data-elementor-lightbox-title=\"Disen\u0303adora\" data-e-action-hash=\"#elementor-action%3Aaction%3Dlightbox%26settings%3DeyJpZCI6MzcwNywidXJsIjoiaHR0cHM6XC9cL2NhdGFsaW5hY2ViYWxsb3MuY29tXC93cC1jb250ZW50XC91cGxvYWRzXC8yMDIyXC8wNFwvRGlzZW5cdTAzMDNhZG9yYTMtc2NhbGVkLmpwZyIsInNsaWRlc2hvdyI6ImQxZDAwODkifQ%3D%3D\">\n\t\t\t\t\t<div class=\"e-gallery-image elementor-gallery-item__image\" data-thumbnail=\"https:\/\/catalinaceballos.com\/wp-content\/uploads\/2022\/04\/Disen\u0303adora3-scaled-300x200.jpg\" data-width=\"300\" data-height=\"200\" aria-label=\"\" role=\"img\" ><\/div>\n\t\t\t\t\t\t\t\t\t\t\t<div class=\"elementor-gallery-item__overlay\"><\/div>\n\t\t\t\t\t\t\t\t\t\t\t\t\t\t<\/a>\n\t\t\t\t\t\t\t<a class=\"e-gallery-item elementor-gallery-item elementor-animated-content\" href=\"https:\/\/catalinaceballos.com\/wp-content\/uploads\/2022\/04\/Disen\u0303adora2-scaled.jpg\" data-elementor-open-lightbox=\"yes\" data-elementor-lightbox-slideshow=\"d1d0089\" data-elementor-lightbox-title=\"Disen\u0303adora\" data-e-action-hash=\"#elementor-action%3Aaction%3Dlightbox%26settings%3DeyJpZCI6MzcwNiwidXJsIjoiaHR0cHM6XC9cL2NhdGFsaW5hY2ViYWxsb3MuY29tXC93cC1jb250ZW50XC91cGxvYWRzXC8yMDIyXC8wNFwvRGlzZW5cdTAzMDNhZG9yYTItc2NhbGVkLmpwZyIsInNsaWRlc2hvdyI6ImQxZDAwODkifQ%3D%3D\">\n\t\t\t\t\t<div class=\"e-gallery-image elementor-gallery-item__image\" data-thumbnail=\"https:\/\/catalinaceballos.com\/wp-content\/uploads\/2022\/04\/Disen\u0303adora2-scaled-300x200.jpg\" data-width=\"300\" data-height=\"200\" aria-label=\"\" role=\"img\" ><\/div>\n\t\t\t\t\t\t\t\t\t\t\t<div class=\"elementor-gallery-item__overlay\"><\/div>\n\t\t\t\t\t\t\t\t\t\t\t\t\t\t<\/a>\n\t\t\t\t\t\t\t<a class=\"e-gallery-item elementor-gallery-item elementor-animated-content\" href=\"https:\/\/catalinaceballos.com\/wp-content\/uploads\/2022\/04\/Disen\u0303adora1-scaled.jpg\" data-elementor-open-lightbox=\"yes\" data-elementor-lightbox-slideshow=\"d1d0089\" data-elementor-lightbox-title=\"Disen\u0303adora\" data-e-action-hash=\"#elementor-action%3Aaction%3Dlightbox%26settings%3DeyJpZCI6MzcwNSwidXJsIjoiaHR0cHM6XC9cL2NhdGFsaW5hY2ViYWxsb3MuY29tXC93cC1jb250ZW50XC91cGxvYWRzXC8yMDIyXC8wNFwvRGlzZW5cdTAzMDNhZG9yYTEtc2NhbGVkLmpwZyIsInNsaWRlc2hvdyI6ImQxZDAwODkifQ%3D%3D\">\n\t\t\t\t\t<div class=\"e-gallery-image elementor-gallery-item__image\" data-thumbnail=\"https:\/\/catalinaceballos.com\/wp-content\/uploads\/2022\/04\/Disen\u0303adora1-scaled-300x214.jpg\" data-width=\"300\" data-height=\"214\" aria-label=\"\" role=\"img\" ><\/div>\n\t\t\t\t\t\t\t\t\t\t\t<div class=\"elementor-gallery-item__overlay\"><\/div>\n\t\t\t\t\t\t\t\t\t\t\t\t\t\t<\/a>\n\t\t\t\t\t<\/div>\n\t\t\t\t\t<\/div>\n\t\t\t\t<\/div>\n\t\t\t\t\t<\/div>\n\t\t<\/div>\n\t\t\t\t\t<\/div>\n\t\t<\/section>\n\t\t\t\t<\/div>\n\t\t","protected":false},"excerpt":{"rendered":"","protected":false},"author":1,"featured_media":0,"parent":0,"menu_order":0,"comment_status":"closed","ping_status":"closed","template":"","meta":{"_eb_attr":"","om_disable_all_campaigns":false,"_monsterinsights_skip_tracking":false,"_monsterinsights_sitenote_active":false,"_monsterinsights_sitenote_note":"","_monsterinsights_sitenote_category":0,"_joinchat":[],"footnotes":""},"class_list":["post-78","page","type-page","status-publish","hentry"],"aioseo_notices":[],"_links":{"self":[{"href":"https:\/\/catalinaceballos.com\/en\/wp-json\/wp\/v2\/pages\/78","targetHints":{"allow":["GET"]}}],"collection":[{"href":"https:\/\/catalinaceballos.com\/en\/wp-json\/wp\/v2\/pages"}],"about":[{"href":"https:\/\/catalinaceballos.com\/en\/wp-json\/wp\/v2\/types\/page"}],"author":[{"embeddable":true,"href":"https:\/\/catalinaceballos.com\/en\/wp-json\/wp\/v2\/users\/1"}],"replies":[{"embeddable":true,"href":"https:\/\/catalinaceballos.com\/en\/wp-json\/wp\/v2\/comments?post=78"}],"version-history":[{"count":12,"href":"https:\/\/catalinaceballos.com\/en\/wp-json\/wp\/v2\/pages\/78\/revisions"}],"predecessor-version":[{"id":4769,"href":"https:\/\/catalinaceballos.com\/en\/wp-json\/wp\/v2\/pages\/78\/revisions\/4769"}],"wp:attachment":[{"href":"https:\/\/catalinaceballos.com\/en\/wp-json\/wp\/v2\/media?parent=78"}],"curies":[{"name":"wp","href":"https:\/\/api.w.org\/{rel}","templated":true}]}}