{"id":3620,"date":"2022-03-09T21:25:13","date_gmt":"2022-03-09T21:25:13","guid":{"rendered":"https:\/\/catalinaceballos.com\/?page_id=3620"},"modified":"2022-04-04T20:56:01","modified_gmt":"2022-04-04T20:56:01","slug":"testimonios","status":"publish","type":"page","link":"https:\/\/catalinaceballos.com\/en\/testimonios\/","title":{"rendered":"Lo que dicen nuestros clientes"},"content":{"rendered":"<p><strong>Laura Ramirez<\/strong><\/p>\n\n\n\n<p><strong>La mejor opci\u00f3n para vestido en Bogot\u00e1<\/strong><strong><\/strong><\/p>\n\n\n\n<p>Creo que visite todos los lugares de vestidos de novia en Bogot\u00e1 y la verdad no sent\u00eda que encontrara calidad y precio en un solo lugar. Hay algunos donde tienen dise\u00f1os muy lindos pero a precios astron\u00f3micos y otros de precios acordes con dise\u00f1os anticuados. En L&#8217;atelier Chic me sorprend\u00ed cuando vi dise\u00f1os modernos, elegantes, de alta costura y excelencia y con precios razonables. Catalina Ceballos escuch\u00f3 lo que yo so\u00f1aba para mi vestido e inmediatamente me mostr\u00f3 opciones que me convencieron. Cuando fui a la primera prueba qued\u00e9 enamorada de mi vestido y sobre todo sorprendida con la exactitud que Catalina plasm\u00f3 cada detalle que yo le hab\u00eda expresado. De verdad los s\u00faper recomendados. Excelencia en los vestidos, buen\u00edsima atenci\u00f3n. Todo el mundo admir\u00f3 mi vestido.<\/p>\n\n\n\n<div class=\"wp-block-image\"><figure class=\"aligncenter size-full is-resized\"><img fetchpriority=\"high\" decoding=\"async\" src=\"https:\/\/catalinaceballos.com\/wp-content\/uploads\/2022\/04\/image.png\" alt=\"\" class=\"wp-image-3710\" width=\"453\" height=\"301\" srcset=\"https:\/\/catalinaceballos.com\/wp-content\/uploads\/2022\/04\/image.png 442w, https:\/\/catalinaceballos.com\/wp-content\/uploads\/2022\/04\/image-300x200.png 300w\" sizes=\"(max-width: 453px) 100vw, 453px\" \/><\/figure><\/div>\n\n\n\n<p><strong>Laura Molina<\/strong><\/p>\n\n\n\n<p><strong>The dream dress<\/strong><\/p>\n\n\n\n<p>Gracias a M\u00f3nica que estuvo muy atenta a los detalles. No era mi primera opci\u00f3n del lugar pero cuando llegu\u00e9 me hicieron sentir muy especial y logramos encontrar el vestido de mis sue\u00f1os.<\/p>\n\n\n\n<div class=\"wp-block-image\"><figure class=\"aligncenter size-full is-resized\"><img decoding=\"async\" src=\"https:\/\/catalinaceballos.com\/wp-content\/uploads\/2022\/04\/image-1.png\" alt=\"\" class=\"wp-image-3711\" width=\"318\" height=\"372\" srcset=\"https:\/\/catalinaceballos.com\/wp-content\/uploads\/2022\/04\/image-1.png 271w, https:\/\/catalinaceballos.com\/wp-content\/uploads\/2022\/04\/image-1-256x300.png 256w\" sizes=\"(max-width: 318px) 100vw, 318px\" \/><\/figure><\/div>\n\n\n\n<p><strong>Susana Perdomo<\/strong><\/p>\n\n\n\n<p><strong>My wedding dress was much more than I dreamed<\/strong><\/p>\n\n\n\n<p>Dur\u00e9 2 a\u00f1os buscando mi vestido de novia, pues me considero una novia complicada a la hora de decidir, siempre quiero lo mejor, algo \u00fanico que no sea de lo com\u00fan. Busqu\u00e9 en Colombia y en otros pa\u00edses, pero nada que lo encontraba, en realidad fue una b\u00fasqueda sin resultado. Hasta que llegu\u00e9 donde un \u00e1ngel, Catalina Ceballos, con su paciencia me dise\u00f1\u00f3 2 vestidos de novia so\u00f1ados, la delaci\u00f3n calidad, atenci\u00f3n y precio fueron excelente, cuenta con un equipo de trabajo fenomenal, la recomiendo a ojo cerrado. \u00a1Gracias por tanto!<\/p>\n\n\n\n<div class=\"wp-block-image\"><figure class=\"aligncenter size-full is-resized\"><img decoding=\"async\" src=\"https:\/\/catalinaceballos.com\/wp-content\/uploads\/2022\/04\/image-2.png\" alt=\"\" class=\"wp-image-3712\" width=\"337\" height=\"337\" srcset=\"https:\/\/catalinaceballos.com\/wp-content\/uploads\/2022\/04\/image-2.png 307w, https:\/\/catalinaceballos.com\/wp-content\/uploads\/2022\/04\/image-2-300x300.png 300w, https:\/\/catalinaceballos.com\/wp-content\/uploads\/2022\/04\/image-2-150x150.png 150w, https:\/\/catalinaceballos.com\/wp-content\/uploads\/2022\/04\/image-2-160x160.png 160w\" sizes=\"(max-width: 337px) 100vw, 337px\" \/><\/figure><\/div>\n\n\n\n<p><strong>Natalia Burbano Le\u00f3n<\/strong><\/p>\n\n\n\n<p><strong>Un c\u00f3mplice al alcance de tu mano, 100 % colombiano<\/strong><strong><\/strong><\/p>\n\n\n\n<p>Excelente servicio, paciencia, asesor\u00eda, fue hermoso el acompa\u00f1amiento en todo lo que necesit\u00e9 para mi boda, incluyendo otros servicios como fotograf\u00eda y maquillaje.<\/p>\n\n\n\n<div class=\"wp-block-image\"><figure class=\"aligncenter size-full is-resized\"><img loading=\"lazy\" decoding=\"async\" src=\"https:\/\/catalinaceballos.com\/wp-content\/uploads\/2022\/04\/image-3.png\" alt=\"\" class=\"wp-image-3713\" width=\"333\" height=\"203\"\/><\/figure><\/div>\n\n\n\n<p><strong>Saury Pineda<\/strong><\/p>\n\n\n\n<p><strong>Catalina Ceballos is what you need for your wedding<\/strong><strong><\/strong><\/p>\n\n\n\n<p>Tu vestido so\u00f1ado no existe, no est\u00e1 hecho, me dijo Cata, hag\u00e1moslo, y pens\u00e9 no, se me va a salir del presupuesto, \u00bfy si no queda bien? Pero el resultado fue el mejor, lo am\u00e9, me encant\u00f3 y cada momento con Cata fue muy tranquilizante.<\/p>\n\n\n\n<div class=\"wp-block-image\"><figure class=\"aligncenter size-full is-resized\"><img loading=\"lazy\" decoding=\"async\" src=\"https:\/\/catalinaceballos.com\/wp-content\/uploads\/2022\/04\/image-4.png\" alt=\"\" class=\"wp-image-3714\" width=\"348\" height=\"524\" srcset=\"https:\/\/catalinaceballos.com\/wp-content\/uploads\/2022\/04\/image-4.png 432w, https:\/\/catalinaceballos.com\/wp-content\/uploads\/2022\/04\/image-4-199x300.png 199w\" sizes=\"(max-width: 348px) 100vw, 348px\" \/><\/figure><\/div>\n\n\n\n<p><strong>Lina S\u00e1nchez<\/strong>&nbsp;<\/p>\n\n\n\n<p><strong>Excelente servicio y conexi\u00f3n 100 %<\/strong><strong><\/strong><\/p>\n\n\n\n<p>\u00a1El servicio del Cata y Yolima es espectacular! Siempre est\u00e1n dispuestos a escucharte y a tomar en cuenta tus ideas. \u00a1Hacen realidad el vestido de tus sue\u00f1os! La verdad es que hacen un excelente trabajo y te sientes siempre muy acompa\u00f1ada en el proceso de dise\u00f1o de tu vestido. \u00a1Absolutamente recomendado!<\/p>\n\n\n\n<div class=\"wp-block-image\"><figure class=\"aligncenter size-full is-resized\"><img loading=\"lazy\" decoding=\"async\" src=\"https:\/\/catalinaceballos.com\/wp-content\/uploads\/2022\/04\/image-5.png\" alt=\"\" class=\"wp-image-3715\" width=\"327\" height=\"436\" srcset=\"https:\/\/catalinaceballos.com\/wp-content\/uploads\/2022\/04\/image-5.png 394w, https:\/\/catalinaceballos.com\/wp-content\/uploads\/2022\/04\/image-5-225x300.png 225w\" sizes=\"(max-width: 327px) 100vw, 327px\" \/><\/figure><\/div>\n\n\n\n<p><strong>Anyulibeth A<\/strong><strong><\/strong><\/p>\n\n\n\n<p><strong>Lo que necesitaba!<\/strong><\/p>\n\n\n\n<p>No fue el \u00fanico sitio de visit\u00e9, pero me qued\u00e9 con L\u2019atelier porque definitivamente son profesionales y tienes muchas opciones. Adem\u00e1s el lugar es muy lindo.<\/p>\n\n\n\n<div class=\"wp-block-image\"><figure class=\"aligncenter size-full is-resized\"><img loading=\"lazy\" decoding=\"async\" src=\"https:\/\/catalinaceballos.com\/wp-content\/uploads\/2022\/04\/image-6.png\" alt=\"\" class=\"wp-image-3716\" width=\"218\" height=\"326\" srcset=\"https:\/\/catalinaceballos.com\/wp-content\/uploads\/2022\/04\/image-6.png 232w, https:\/\/catalinaceballos.com\/wp-content\/uploads\/2022\/04\/image-6-201x300.png 201w\" sizes=\"(max-width: 218px) 100vw, 218px\" \/><\/figure><\/div>\n\n\n\n<p><strong>Daniela Alvarez<\/strong><\/p>\n\n\n\n<p><strong>Excelente trabajo<\/strong><\/p>\n\n\n\n<p>Fui una novia un poco cansona, pero ellas fueron muy pacientes y trataron de entender lo que yo quer\u00eda al 100 %. Fueron muy especiales y cada cambio que quise hacer lo hizo con mucho amor Catalina. Quedamos tan felices y agradecidas que no quer\u00edamos devolver el vestido.<\/p>\n\n\n\n<p><strong>Adriana Sanchez<\/strong><\/p>\n\n\n\n<p><strong>Nice dress<\/strong><strong><\/strong><\/p>\n\n\n\n<p>Mi vestido fue todo un \u00e9xito, me ve\u00eda muy linda y muy apropiado para el evento. El vestido no pesa nada lo cual era lo que yo necesitaba por el clima, muy c\u00f3modo y fresco. Me gust\u00f3 mucho la atenci\u00f3n y que lo entallaron a mi medida perfectamente, adem\u00e1s estuvieron muy disponibles para mis solicitudes y mi af\u00e1n. Gracias.<\/p>\n\n\n\n<div class=\"wp-block-image\"><figure class=\"aligncenter size-full is-resized\"><img loading=\"lazy\" decoding=\"async\" src=\"https:\/\/catalinaceballos.com\/wp-content\/uploads\/2022\/04\/image-7.png\" alt=\"\" class=\"wp-image-3717\" width=\"250\" height=\"312\" srcset=\"https:\/\/catalinaceballos.com\/wp-content\/uploads\/2022\/04\/image-7.png 370w, https:\/\/catalinaceballos.com\/wp-content\/uploads\/2022\/04\/image-7-240x300.png 240w\" sizes=\"(max-width: 250px) 100vw, 250px\" \/><\/figure><\/div>\n\n\n\n<p><strong>Alexandra Parra Mejia<\/strong><\/p>\n\n\n\n<p><strong>Un feliz inicio<\/strong><strong><\/strong><\/p>\n\n\n\n<p>Definitivamente fue la mejor decisi\u00f3n que pudimos haber tomado, Catalina y todo su equipo de trabajo son muy profesionales y entendieron lo que quer\u00eda y buscaba. Su asesor\u00eda fue perfecta de acuerdo a las caracter\u00edsticas y presupuesto de nuestra boda, aparte de eso, las pajesitas quedaron preciosas gracias a ellas. Volveria a elegir mil veces a L&#8217;atelier.<\/p>\n\n\n\n<div class=\"wp-block-image\"><figure class=\"aligncenter size-full is-resized\"><img loading=\"lazy\" decoding=\"async\" src=\"https:\/\/catalinaceballos.com\/wp-content\/uploads\/2022\/04\/image-8.png\" alt=\"\" class=\"wp-image-3718\" width=\"379\" height=\"252\" srcset=\"https:\/\/catalinaceballos.com\/wp-content\/uploads\/2022\/04\/image-8.png 442w, https:\/\/catalinaceballos.com\/wp-content\/uploads\/2022\/04\/image-8-300x200.png 300w\" sizes=\"(max-width: 379px) 100vw, 379px\" \/><\/figure><\/div>\n\n\n\n<p><strong>Marcela Aguirre Gonzalez<\/strong><\/p>\n\n\n\n<p><strong>Maravillosa experiencia<\/strong><strong><\/strong><\/p>\n\n\n\n<p>Conocer L\u2019atelier Chic Boutique fue una experiencia fenomenal. Desde mi primer contacto con las asesoras, porque lograron conseguir un vestido que se ajustara a todas mis necesidades. me atendieron con mucha cordialidad, y lograron que el servicio, los vestidos y el lugar fueran mi mejor y \u00fanica opci\u00f3n.<br>Quedo muy agradecida con Yolanda y Angie, que hicieron de mi boda un recuerdo maravilloso. \u00a1Simplemente encantadoras!<br>Personas fenomenales preocupadas por mi comodidad en todos los aspectos.<\/p>\n\n\n\n<div class=\"wp-block-image\"><figure class=\"aligncenter size-full is-resized\"><img loading=\"lazy\" decoding=\"async\" src=\"https:\/\/catalinaceballos.com\/wp-content\/uploads\/2022\/04\/image-9.png\" alt=\"\" class=\"wp-image-3719\" width=\"425\" height=\"320\" srcset=\"https:\/\/catalinaceballos.com\/wp-content\/uploads\/2022\/04\/image-9.png 441w, https:\/\/catalinaceballos.com\/wp-content\/uploads\/2022\/04\/image-9-300x226.png 300w\" sizes=\"(max-width: 425px) 100vw, 425px\" \/><\/figure><\/div>\n\n\n\n<p><strong>Beth<\/strong><\/p>\n\n\n\n<p><strong>Fue So\u00f1ado<\/strong><strong><\/strong><\/p>\n\n\n\n<p>Hicieron realidad mi sue\u00f1o, entendieron mis preferencias y crearon el vestido acorde. Un vestido autentico, muy buena asesor\u00eda y atenci\u00f3n. Gracias.<\/p>\n\n\n\n<div class=\"wp-block-image\"><figure class=\"aligncenter size-full is-resized\"><img loading=\"lazy\" decoding=\"async\" src=\"https:\/\/catalinaceballos.com\/wp-content\/uploads\/2022\/04\/image-10.png\" alt=\"\" class=\"wp-image-3720\" width=\"466\" height=\"310\" srcset=\"https:\/\/catalinaceballos.com\/wp-content\/uploads\/2022\/04\/image-10.png 442w, https:\/\/catalinaceballos.com\/wp-content\/uploads\/2022\/04\/image-10-300x200.png 300w\" sizes=\"(max-width: 466px) 100vw, 466px\" \/><\/figure><\/div>\n\n\n\n<p><strong>El vestido de mi sue\u00f1os <\/strong><\/p>\n\n\n\n<p>Los encontr\u00e9 por este medio, los contact\u00e9 y tuvimos una cita inicial; decid\u00ed tomar su servicio y por 6 meses hicimos mi vestido a la medida pero en opci\u00f3n alquiler, por lo cual el costo fue excelente. El vestido super\u00f3 mis expectativas, muy buenos materiales, livianos y c\u00f3modos, en cada prueba incluimos m\u00e1s detalles, y el d\u00eda de mi boda tuve excelentes comentarios del vestido por parte invitados y yo me sent\u00eda hermosa. Muchas gracias Cata, Tere y Yoli.<\/p>\n\n\n\n<div class=\"wp-block-image\"><figure class=\"aligncenter size-full is-resized\"><img loading=\"lazy\" decoding=\"async\" src=\"https:\/\/catalinaceballos.com\/wp-content\/uploads\/2022\/04\/image-11.png\" alt=\"\" class=\"wp-image-3721\" width=\"440\" height=\"293\" srcset=\"https:\/\/catalinaceballos.com\/wp-content\/uploads\/2022\/04\/image-11.png 442w, https:\/\/catalinaceballos.com\/wp-content\/uploads\/2022\/04\/image-11-300x200.png 300w\" sizes=\"(max-width: 440px) 100vw, 440px\" \/><\/figure><\/div>","protected":false},"excerpt":{"rendered":"<p>Laura Ramirez La mejor opci\u00f3n para vestido en Bogot\u00e1 Creo que visite todos los lugares de vestidos de novia en Bogot\u00e1 y la verdad no sent\u00eda que encontrara calidad y precio en un solo lugar. Hay algunos donde tienen dise\u00f1os muy lindos pero a precios astron\u00f3micos y otros de precios acordes con dise\u00f1os anticuados. En &hellip; <br \/><a href=\"https:\/\/catalinaceballos.com\/en\/testimonios\/\" class=\"more-link\">Continue reading <span class=\"screen-reader-text\">Lo que dicen nuestros clientes<\/span><\/a><\/p>","protected":false},"author":1,"featured_media":0,"parent":0,"menu_order":0,"comment_status":"closed","ping_status":"closed","template":"","meta":{"_eb_attr":"","om_disable_all_campaigns":false,"_monsterinsights_skip_tracking":false,"_monsterinsights_sitenote_active":false,"_monsterinsights_sitenote_note":"","_monsterinsights_sitenote_category":0,"_joinchat":[],"footnotes":""},"class_list":["post-3620","page","type-page","status-publish","hentry"],"aioseo_notices":[],"_links":{"self":[{"href":"https:\/\/catalinaceballos.com\/en\/wp-json\/wp\/v2\/pages\/3620","targetHints":{"allow":["GET"]}}],"collection":[{"href":"https:\/\/catalinaceballos.com\/en\/wp-json\/wp\/v2\/pages"}],"about":[{"href":"https:\/\/catalinaceballos.com\/en\/wp-json\/wp\/v2\/types\/page"}],"author":[{"embeddable":true,"href":"https:\/\/catalinaceballos.com\/en\/wp-json\/wp\/v2\/users\/1"}],"replies":[{"embeddable":true,"href":"https:\/\/catalinaceballos.com\/en\/wp-json\/wp\/v2\/comments?post=3620"}],"version-history":[{"count":4,"href":"https:\/\/catalinaceballos.com\/en\/wp-json\/wp\/v2\/pages\/3620\/revisions"}],"predecessor-version":[{"id":3758,"href":"https:\/\/catalinaceballos.com\/en\/wp-json\/wp\/v2\/pages\/3620\/revisions\/3758"}],"wp:attachment":[{"href":"https:\/\/catalinaceballos.com\/en\/wp-json\/wp\/v2\/media?parent=3620"}],"curies":[{"name":"wp","href":"https:\/\/api.w.org\/{rel}","templated":true}]}}